{"id":77385,"date":"2022-03-25T18:22:46","date_gmt":"2022-03-25T17:22:46","guid":{"rendered":"https:\/\/agnabogados.com\/politica-de-cookies\/"},"modified":"2022-04-13T12:53:23","modified_gmt":"2022-04-13T10:53:23","slug":"politica-de-cookies","status":"publish","type":"page","link":"https:\/\/agnabogados.com\/ca\/politica-de-cookies\/","title":{"rendered":"Pol\u00edtica de Cookies"},"content":{"rendered":"\t\t<div data-elementor-type=\"wp-page\" data-elementor-id=\"77385\" class=\"elementor elementor-77385 elementor-75981\" data-elementor-post-type=\"page\">\n\t\t\t\t\t\t\t\t\t<section class=\"elementor-section elementor-top-section elementor-element elementor-element-d8f876b elementor-section-height-min-height elementor-section-items-stretch elementor-section-content-middle elementor-section-boxed elementor-section-height-default\" data-id=\"d8f876b\" data-element_type=\"section\">\n\t\t\t\t\t\t<div class=\"elementor-container elementor-column-gap-no\">\n\t\t\t\t\t<div class=\"elementor-column elementor-col-100 elementor-top-column elementor-element elementor-element-28d57ee\" data-id=\"28d57ee\" data-element_type=\"column\">\n\t\t\t<div class=\"elementor-widget-wrap elementor-element-populated\">\n\t\t\t\t\t\t\t\t<section class=\"elementor-section elementor-inner-section elementor-element elementor-element-b10ea7d elementor-reverse-tablet elementor-reverse-mobile elementor-section-boxed elementor-section-height-default elementor-section-height-default\" data-id=\"b10ea7d\" data-element_type=\"section\">\n\t\t\t\t\t\t<div class=\"elementor-container elementor-column-gap-wider\">\n\t\t\t\t\t<div class=\"elementor-column elementor-col-100 elementor-inner-column elementor-element elementor-element-033a778\" data-id=\"033a778\" data-element_type=\"column\">\n\t\t\t<div class=\"elementor-widget-wrap elementor-element-populated\">\n\t\t\t\t\t\t\t\t<div class=\"elementor-element elementor-element-1fb5515 elementor-widget elementor-widget-heading\" data-id=\"1fb5515\" data-element_type=\"widget\" data-widget_type=\"heading.default\">\n\t\t\t\t<div class=\"elementor-widget-container\">\n\t\t\t<style>\/*! elementor - v3.14.0 - 26-06-2023 *\/\n.elementor-heading-title{padding:0;margin:0;line-height:1}.elementor-widget-heading .elementor-heading-title[class*=elementor-size-]>a{color:inherit;font-size:inherit;line-height:inherit}.elementor-widget-heading .elementor-heading-title.elementor-size-small{font-size:15px}.elementor-widget-heading .elementor-heading-title.elementor-size-medium{font-size:19px}.elementor-widget-heading .elementor-heading-title.elementor-size-large{font-size:29px}.elementor-widget-heading .elementor-heading-title.elementor-size-xl{font-size:39px}.elementor-widget-heading .elementor-heading-title.elementor-size-xxl{font-size:59px}<\/style><h3 class=\"elementor-heading-title elementor-size-default\">Pol\u00edtica de Cookies<\/h3>\t\t<\/div>\n\t\t\t\t<\/div>\n\t\t\t\t<div class=\"elementor-element elementor-element-5030ace elementor-widget elementor-widget-spacer\" data-id=\"5030ace\" data-element_type=\"widget\" data-widget_type=\"spacer.default\">\n\t\t\t\t<div class=\"elementor-widget-container\">\n\t\t\t<style>\/*! elementor - v3.14.0 - 26-06-2023 *\/\n.elementor-column .elementor-spacer-inner{height:var(--spacer-size)}.e-con{--container-widget-width:100%}.e-con-inner>.elementor-widget-spacer,.e-con>.elementor-widget-spacer{width:var(--container-widget-width,var(--spacer-size));--align-self:var(--container-widget-align-self,initial);--flex-shrink:0}.e-con-inner>.elementor-widget-spacer>.elementor-widget-container,.e-con-inner>.elementor-widget-spacer>.elementor-widget-container>.elementor-spacer,.e-con>.elementor-widget-spacer>.elementor-widget-container,.e-con>.elementor-widget-spacer>.elementor-widget-container>.elementor-spacer{height:100%}.e-con-inner>.elementor-widget-spacer>.elementor-widget-container>.elementor-spacer>.elementor-spacer-inner,.e-con>.elementor-widget-spacer>.elementor-widget-container>.elementor-spacer>.elementor-spacer-inner{height:var(--container-widget-height,var(--spacer-size))}<\/style>\t\t<div class=\"elementor-spacer\">\n\t\t\t<div class=\"elementor-spacer-inner\"><\/div>\n\t\t<\/div>\n\t\t\t\t<\/div>\n\t\t\t\t<\/div>\n\t\t\t\t<div class=\"elementor-element elementor-element-3228fb3 elementor-widget elementor-widget-text-editor\" data-id=\"3228fb3\" data-element_type=\"widget\" data-widget_type=\"text-editor.default\">\n\t\t\t\t<div class=\"elementor-widget-container\">\n\t\t\t<style>\/*! elementor - v3.14.0 - 26-06-2023 *\/\n.elementor-widget-text-editor.elementor-drop-cap-view-stacked .elementor-drop-cap{background-color:#69727d;color:#fff}.elementor-widget-text-editor.elementor-drop-cap-view-framed .elementor-drop-cap{color:#69727d;border:3px solid;background-color:transparent}.elementor-widget-text-editor:not(.elementor-drop-cap-view-default) .elementor-drop-cap{margin-top:8px}.elementor-widget-text-editor:not(.elementor-drop-cap-view-default) .elementor-drop-cap-letter{width:1em;height:1em}.elementor-widget-text-editor .elementor-drop-cap{float:left;text-align:center;line-height:1;font-size:50px}.elementor-widget-text-editor .elementor-drop-cap-letter{display:inline-block}<\/style>\t\t\t\t<h3>INFORMACI\u00d3 SOBRE COOKIES<\/h3><div><p>A causa de l&#8217;entrada en vigor de la referent modificaci\u00f3 de la \u00abLlei de Serveis de la Societat de la Informaci\u00f3\u00bb (LSSICE) establerta pel Reial decret 13\/2012, \u00e9s d&#8217;obligaci\u00f3 obtenir el consentiment expr\u00e9s de l&#8217;usuari de totes les p\u00e0gines web que usen cookies prescindibles, abans que aquest navegui per elles.<\/p><p>El teu consentiment aplica al seg\u00fcent domini: agnabogados.com<\/p><div class=\"cli_user_consent_state\">El teu estat actual: Consentiment acceptat. <\/div><div class=\"cli_user_consent_state\"><a class=\"cli_manage_current_consent\"> <\/a><\/div><\/div><h3>QU\u00c8 S\u00d3N LES COOKIES?<\/h3><div><p>Les cookies i altres tecnologies similars com ara local shared objects, flaix cookies o p\u00edxels, s\u00f3n eines emprades pels servidors Web per a emmagatzemar i recuperar informaci\u00f3 sobre els seus visitants, aix\u00ed com per a oferir un correcte funcionament del lloc. Mitjan\u00e7ant l&#8217;\u00fas d&#8217;aquests dispositius es permet al servidor Web recordar algunes dades concernents a l&#8217;usuari, com les seves prefer\u00e8ncies per a la visualitzaci\u00f3 de les p\u00e0gines d&#8217;aquest servidor, nom i contrasenya, productes que m\u00e9s li interessen, etc.<\/p><\/div><h3>COOKIES AFECTADES PER LA NORMATIVA I COOKIES EXCEPTUADES<\/h3><div><p>Segons la directiva de la UE, les cookies que requereixen el consentiment informat per part de l&#8217;usuari s\u00f3n les cookies d&#8217;anal\u00edtica i les de publicitat i afiliaci\u00f3, quedant exceptuades les de car\u00e0cter t\u00e8cnic i les necess\u00e0ries per al funcionament del lloc web o la prestaci\u00f3 de serveis expressament sol\u00b7licitats per l&#8217;usuari.<\/p><\/div><h3>TIPUS DE COOKIES<\/h3><div><p>SEGONS LA FINALITAT<\/p><ul><li>Cookies t\u00e8cniques i funcionals: s\u00f3n aquelles que permeten a l&#8217;usuari la navegaci\u00f3 a trav\u00e9s d&#8217;una p\u00e0gina web, plataforma o aplicaci\u00f3 i la utilitzaci\u00f3 de les diferents opcions o serveis que en ella existeixin.<\/li><li>Cookies anal\u00edtiques: s\u00f3n aquelles que permeten al responsable de les mateixes el seguiment i an\u00e0lisi del comportament dels usuaris dels llocs web als quals estan vinculades. La informaci\u00f3 recollida mitjan\u00e7ant aquesta mena de cookies s&#8217;utilitza en el mesurament de l&#8217;activitat dels llocs web, aplicaci\u00f3 o plataforma i per a l&#8217;elaboraci\u00f3 de perfils de navegaci\u00f3 dels usuaris d&#8217;aquests llocs, aplicacions i plataformes, amb la finalitat d&#8217;introduir millores en funci\u00f3 de l&#8217;an\u00e0lisi de les dades d&#8217;\u00fas que fan els usuaris del servei.<\/li><li>Cookies publicit\u00e0ries: s\u00f3n aquelles que permeten la gesti\u00f3, de la forma m\u00e9s efica\u00e7 possible, dels espais publicitaris que, en el seu cas, l&#8217;editor hagi incl\u00f2s en una p\u00e0gina web, aplicaci\u00f3 o plataforma des de la qual presta el servei sol\u00b7licitat sobre la base de criteris com el contingut editat o la freq\u00fc\u00e8ncia en la qual es mostren els anuncis.<\/li><li>Cookies de publicitat comportamental: recullen informaci\u00f3 sobre les prefer\u00e8ncies i eleccions personals de l&#8217;usuari (retargeting) per a permetre la gesti\u00f3, de la forma m\u00e9s efica\u00e7 possible, dels espais publicitaris que, en el seu cas, l&#8217;editor hagi incl\u00f2s en una p\u00e0gina web, aplicaci\u00f3 o plataforma des de la qual presta el servei sol\u00b7licitat.<\/li><li>Cookies socials: s\u00f3n establertes per les plataformes de xarxes socials en els serveis per a permetre-li compartir contingut amb els seus amics i xarxes. Les plataformes de mitjans socials tenen la capacitat de rastrejar la seva activitat en l\u00ednia an\u00e9s dels Serveis. Aix\u00f2 pot afectar el contingut i els missatges que veu en altres serveis que visita.<br>Cookies d&#8217;afiliats: permeten fer un seguiment de les visites procedents d&#8217;altres webs, amb les quals el lloc web estableix un contracte d&#8217;afiliaci\u00f3 (empreses d&#8217;afiliaci\u00f3).<\/li><li>Cookies de seguretat: emmagatzemen informaci\u00f3 xifrada per a evitar que les dades guardades en elles siguin vulnerables a atacs maliciosos de tercers.<\/li><\/ul><p>SEGONS LA PROPIETAT<\/p><ul><li>Cookies pr\u00f2pies: s\u00f3n aquelles que s&#8217;envien a l&#8217;equip terminal de l&#8217;usuari des d&#8217;un equip o domini gestionat pel propi editor i des del qual es presta el servei sol\u00b7licitat per l&#8217;usuari.<\/li><li>Cookies de tercers: s\u00f3n aquelles que s&#8217;envien a l&#8217;equip terminal de l&#8217;usuari des d&#8217;un equip o domini que no \u00e9s gestionat per l&#8217;editor, sin\u00f3 per una altra entitat que tracta les dades obtingudes trav\u00e9s de les cookies.<\/li><\/ul><p>SEGONS EL TERMINI DE CONSERVACI\u00d3<\/p><ul><li>Cookies de sessi\u00f3: s\u00f3n un tipus de cookies dissenyades per a recaptar i emmagatzemar dades mentre l&#8217;usuari accedeix a una p\u00e0gina web.<\/li><li>Cookies persistents: s\u00f3n un tipus de cookies en el qual les dades segueixen emmagatzemats en el terminal i poden ser accedits i tractats durant un per\u00edode definit pel responsable de la cookie, i que pot anar d&#8217;uns minuts a diversos anys.<\/li><\/ul><\/div><h3>TRACTAMENT DE DADES PERSONALS<\/h3><div> <\/div><div><b><span data-contrast=\"none\">AGN SERVICIOS INTEGRALES, SL <\/span><\/b>\u00e9s el <strong>Responsable del tractament<\/strong> de les dades personals de l&#8217;Interessat i l&#8217;informa que aquestes dades seran tractades de conformitat amb el que es disposa en el Reglament (UE) 2016\/679, de 27 d&#8217;abril de 2016 (GDPR), per la qual cosa se li facilita la seg\u00fcent informaci\u00f3 del tractament:<\/div><p><strong>Fins del tractament:<\/strong> segons s&#8217;especifica en l&#8217;apartat de cookies que s&#8217;utilitzen en aquest lloc web.<\/p><p><strong>Legitimaci\u00f3 del tractament:<\/strong> per consentiment de l&#8217;interessat (art. 6.1 GDPR).<\/p><p><strong>Criteris de conservaci\u00f3 de les dades:<\/strong> segons s&#8217;especifica en l&#8217;apartat de cookies usades en la web.<\/p><p><strong>Comunicaci\u00f3 de les dades:<\/strong> no es comunicaran les dades a tercers, excepte en cookies propietat de tercers o per obligaci\u00f3 legal.<\/p><p><strong>Drets que assisteixen a l&#8217;Interessat: <\/strong><\/p><ul><li>Dret a retirar el consentiment en qualsevol moment.<\/li><li>Dret d&#8217;acc\u00e9s, rectificaci\u00f3, portabilitat i supressi\u00f3 de les seves dades, i de limitaci\u00f3 o oposici\u00f3 al seu tractament.<\/li><li>Dret a presentar una reclamaci\u00f3 davant l&#8217;Autoritat de control (www.aepd.es) si considera que el tractament no s&#8217;ajusta a la normativa vigent.<\/li><\/ul><p><strong>Dades de contacte per a exercir els seus drets:<\/strong><\/p><p>c\/Mallorca 214 6\u00ba1\u00baA, 08008 Barcelona o v\u00eda mail agn@agn-consulting.com<\/p><p><strong>Dades de contacte del delegat de protecci\u00f3 de dades:<\/strong> AGN SERVICIOS INTEGRALES SL <\/p>\t\t\t\t\t\t<\/div>\n\t\t\t\t<\/div>\n\t\t\t\t<div class=\"elementor-element elementor-element-3afa459 elementor-widget elementor-widget-spacer\" data-id=\"3afa459\" data-element_type=\"widget\" data-widget_type=\"spacer.default\">\n\t\t\t\t<div class=\"elementor-widget-container\">\n\t\t\t\t\t<div class=\"elementor-spacer\">\n\t\t\t<div class=\"elementor-spacer-inner\"><\/div>\n\t\t<\/div>\n\t\t\t\t<\/div>\n\t\t\t\t<\/div>\n\t\t\t\t\t<\/div>\n\t\t<\/div>\n\t\t\t\t\t\t\t<\/div>\n\t\t<\/section>\n\t\t\t\t\t<\/div>\n\t\t<\/div>\n\t\t\t\t\t\t\t<\/div>\n\t\t<\/section>\n\t\t\t\t\t\t\t<\/div>\n\t\t","protected":false},"excerpt":{"rendered":"<p>Pol\u00edtica de Cookies INFORMACI\u00d3 SOBRE COOKIES A causa de l&#8217;entrada en vigor de la referent modificaci\u00f3 de la \u00abLlei de Serveis de la Societat de la Informaci\u00f3\u00bb (LSSICE) establerta pel Reial decret 13\/2012, \u00e9s d&#8217;obligaci\u00f3 obtenir el consentiment expr\u00e9s de l&#8217;usuari de totes les p\u00e0gines web que usen cookies prescindibles, abans que aquest navegui per&hellip;<\/p>\n","protected":false},"author":1,"featured_media":0,"parent":0,"menu_order":4,"comment_status":"closed","ping_status":"closed","template":"","meta":[],"yoast_head":"<!-- This site is optimized with the Yoast SEO plugin v20.11 - https:\/\/yoast.com\/wordpress\/plugins\/seo\/ -->\n<title>Pol\u00edtica de Cookies - AGN Abogados<\/title>\n<meta name=\"robots\" content=\"index, follow, max-snippet:-1, max-image-preview:large, max-video-preview:-1\" \/>\n<link rel=\"canonical\" href=\"https:\/\/agnabogados.com\/ca\/politica-de-cookies\/\" \/>\n<meta property=\"og:locale\" content=\"ca_ES\" \/>\n<meta property=\"og:type\" content=\"article\" \/>\n<meta property=\"og:title\" content=\"Pol\u00edtica de Cookies - AGN Abogados\" \/>\n<meta property=\"og:description\" content=\"Pol\u00edtica de Cookies INFORMACI\u00d3 SOBRE COOKIES A causa de l&#8217;entrada en vigor de la referent modificaci\u00f3 de la \u00abLlei de Serveis de la Societat de la Informaci\u00f3\u00bb (LSSICE) establerta pel Reial decret 13\/2012, \u00e9s d&#8217;obligaci\u00f3 obtenir el consentiment expr\u00e9s de l&#8217;usuari de totes les p\u00e0gines web que usen cookies prescindibles, abans que aquest navegui per&hellip;\" \/>\n<meta property=\"og:url\" content=\"https:\/\/agnabogados.com\/ca\/politica-de-cookies\/\" \/>\n<meta property=\"og:site_name\" content=\"AGN Abogados\" \/>\n<meta property=\"article:modified_time\" content=\"2022-04-13T10:53:23+00:00\" \/>\n<meta name=\"twitter:card\" content=\"summary_large_image\" \/>\n<meta name=\"twitter:label1\" content=\"Temps estimat de lectura\" \/>\n\t<meta name=\"twitter:data1\" content=\"5 minuts\" \/>\n<script type=\"application\/ld+json\" class=\"yoast-schema-graph\">{\"@context\":\"https:\/\/schema.org\",\"@graph\":[{\"@type\":\"WebPage\",\"@id\":\"https:\/\/agnabogados.com\/ca\/politica-de-cookies\/\",\"url\":\"https:\/\/agnabogados.com\/ca\/politica-de-cookies\/\",\"name\":\"Pol\u00edtica de Cookies - AGN Abogados\",\"isPartOf\":{\"@id\":\"https:\/\/agnabogados.com\/ca\/#website\"},\"datePublished\":\"2022-03-25T17:22:46+00:00\",\"dateModified\":\"2022-04-13T10:53:23+00:00\",\"breadcrumb\":{\"@id\":\"https:\/\/agnabogados.com\/ca\/politica-de-cookies\/#breadcrumb\"},\"inLanguage\":\"ca\",\"potentialAction\":[{\"@type\":\"ReadAction\",\"target\":[\"https:\/\/agnabogados.com\/ca\/politica-de-cookies\/\"]}]},{\"@type\":\"BreadcrumbList\",\"@id\":\"https:\/\/agnabogados.com\/ca\/politica-de-cookies\/#breadcrumb\",\"itemListElement\":[{\"@type\":\"ListItem\",\"position\":1,\"name\":\"Portada\",\"item\":\"https:\/\/agnabogados.com\/ca\/\"},{\"@type\":\"ListItem\",\"position\":2,\"name\":\"Pol\u00edtica de Cookies\"}]},{\"@type\":\"WebSite\",\"@id\":\"https:\/\/agnabogados.com\/ca\/#website\",\"url\":\"https:\/\/agnabogados.com\/ca\/\",\"name\":\"AGN Abogados\",\"description\":\"Despacho de abogados especializado en derecho inmobiliario\",\"publisher\":{\"@id\":\"https:\/\/agnabogados.com\/ca\/#organization\"},\"potentialAction\":[{\"@type\":\"SearchAction\",\"target\":{\"@type\":\"EntryPoint\",\"urlTemplate\":\"https:\/\/agnabogados.com\/ca\/?s={search_term_string}\"},\"query-input\":\"required name=search_term_string\"}],\"inLanguage\":\"ca\"},{\"@type\":\"Organization\",\"@id\":\"https:\/\/agnabogados.com\/ca\/#organization\",\"name\":\"AGN Abogados\",\"url\":\"https:\/\/agnabogados.com\/ca\/\",\"logo\":{\"@type\":\"ImageObject\",\"inLanguage\":\"ca\",\"@id\":\"https:\/\/agnabogados.com\/ca\/#\/schema\/logo\/image\/\",\"url\":\"https:\/\/agnabogados.com\/wp-content\/uploads\/2022\/03\/Logo_AGN_abogados_alpha3.png\",\"contentUrl\":\"https:\/\/agnabogados.com\/wp-content\/uploads\/2022\/03\/Logo_AGN_abogados_alpha3.png\",\"width\":2119,\"height\":487,\"caption\":\"AGN Abogados\"},\"image\":{\"@id\":\"https:\/\/agnabogados.com\/ca\/#\/schema\/logo\/image\/\"}}]}<\/script>\n<!-- \/ Yoast SEO plugin. -->","yoast_head_json":{"title":"Pol\u00edtica de Cookies - AGN Abogados","robots":{"index":"index","follow":"follow","max-snippet":"max-snippet:-1","max-image-preview":"max-image-preview:large","max-video-preview":"max-video-preview:-1"},"canonical":"https:\/\/agnabogados.com\/ca\/politica-de-cookies\/","og_locale":"ca_ES","og_type":"article","og_title":"Pol\u00edtica de Cookies - AGN Abogados","og_description":"Pol\u00edtica de Cookies INFORMACI\u00d3 SOBRE COOKIES A causa de l&#8217;entrada en vigor de la referent modificaci\u00f3 de la \u00abLlei de Serveis de la Societat de la Informaci\u00f3\u00bb (LSSICE) establerta pel Reial decret 13\/2012, \u00e9s d&#8217;obligaci\u00f3 obtenir el consentiment expr\u00e9s de l&#8217;usuari de totes les p\u00e0gines web que usen cookies prescindibles, abans que aquest navegui per&hellip;","og_url":"https:\/\/agnabogados.com\/ca\/politica-de-cookies\/","og_site_name":"AGN Abogados","article_modified_time":"2022-04-13T10:53:23+00:00","twitter_card":"summary_large_image","twitter_misc":{"Temps estimat de lectura":"5 minuts"},"schema":{"@context":"https:\/\/schema.org","@graph":[{"@type":"WebPage","@id":"https:\/\/agnabogados.com\/ca\/politica-de-cookies\/","url":"https:\/\/agnabogados.com\/ca\/politica-de-cookies\/","name":"Pol\u00edtica de Cookies - AGN Abogados","isPartOf":{"@id":"https:\/\/agnabogados.com\/ca\/#website"},"datePublished":"2022-03-25T17:22:46+00:00","dateModified":"2022-04-13T10:53:23+00:00","breadcrumb":{"@id":"https:\/\/agnabogados.com\/ca\/politica-de-cookies\/#breadcrumb"},"inLanguage":"ca","potentialAction":[{"@type":"ReadAction","target":["https:\/\/agnabogados.com\/ca\/politica-de-cookies\/"]}]},{"@type":"BreadcrumbList","@id":"https:\/\/agnabogados.com\/ca\/politica-de-cookies\/#breadcrumb","itemListElement":[{"@type":"ListItem","position":1,"name":"Portada","item":"https:\/\/agnabogados.com\/ca\/"},{"@type":"ListItem","position":2,"name":"Pol\u00edtica de Cookies"}]},{"@type":"WebSite","@id":"https:\/\/agnabogados.com\/ca\/#website","url":"https:\/\/agnabogados.com\/ca\/","name":"AGN Abogados","description":"Despacho de abogados especializado en derecho inmobiliario","publisher":{"@id":"https:\/\/agnabogados.com\/ca\/#organization"},"potentialAction":[{"@type":"SearchAction","target":{"@type":"EntryPoint","urlTemplate":"https:\/\/agnabogados.com\/ca\/?s={search_term_string}"},"query-input":"required name=search_term_string"}],"inLanguage":"ca"},{"@type":"Organization","@id":"https:\/\/agnabogados.com\/ca\/#organization","name":"AGN Abogados","url":"https:\/\/agnabogados.com\/ca\/","logo":{"@type":"ImageObject","inLanguage":"ca","@id":"https:\/\/agnabogados.com\/ca\/#\/schema\/logo\/image\/","url":"https:\/\/agnabogados.com\/wp-content\/uploads\/2022\/03\/Logo_AGN_abogados_alpha3.png","contentUrl":"https:\/\/agnabogados.com\/wp-content\/uploads\/2022\/03\/Logo_AGN_abogados_alpha3.png","width":2119,"height":487,"caption":"AGN Abogados"},"image":{"@id":"https:\/\/agnabogados.com\/ca\/#\/schema\/logo\/image\/"}}]}},"_links":{"self":[{"href":"https:\/\/agnabogados.com\/ca\/wp-json\/wp\/v2\/pages\/77385"}],"collection":[{"href":"https:\/\/agnabogados.com\/ca\/wp-json\/wp\/v2\/pages"}],"about":[{"href":"https:\/\/agnabogados.com\/ca\/wp-json\/wp\/v2\/types\/page"}],"author":[{"embeddable":true,"href":"https:\/\/agnabogados.com\/ca\/wp-json\/wp\/v2\/users\/1"}],"replies":[{"embeddable":true,"href":"https:\/\/agnabogados.com\/ca\/wp-json\/wp\/v2\/comments?post=77385"}],"version-history":[{"count":1,"href":"https:\/\/agnabogados.com\/ca\/wp-json\/wp\/v2\/pages\/77385\/revisions"}],"predecessor-version":[{"id":77386,"href":"https:\/\/agnabogados.com\/ca\/wp-json\/wp\/v2\/pages\/77385\/revisions\/77386"}],"wp:attachment":[{"href":"https:\/\/agnabogados.com\/ca\/wp-json\/wp\/v2\/media?parent=77385"}],"curies":[{"name":"wp","href":"https:\/\/api.w.org\/{rel}","templated":true}]}}